{"id":528,"date":"2020-10-20T22:34:09","date_gmt":"2020-10-20T22:34:09","guid":{"rendered":"https:\/\/drharuncologlu.com\/jinekomasti\/?page_id=528"},"modified":"2020-10-21T13:57:09","modified_gmt":"2020-10-21T13:57:09","slug":"sorumluluk-reddi-beyani","status":"publish","type":"page","link":"https:\/\/drharuncologlu.com\/jinekomasti\/en\/sorumluluk-reddi-beyani\/","title":{"rendered":"Disclaimer"},"content":{"rendered":"<div data-elementor-type=\"wp-page\" data-elementor-id=\"528\" class=\"elementor elementor-528\" data-elementor-post-type=\"page\">\n\t\t\t\t\t\t<section class=\"elementor-section elementor-top-section elementor-element elementor-element-5dbe36f elementor-section-content-space-evenly elementor-section-boxed elementor-section-height-default elementor-section-height-default\" data-id=\"5dbe36f\" data-element_type=\"section\" data-settings=\"{&quot;background_background&quot;:&quot;classic&quot;}\">\n\t\t\t\t\t\t<div class=\"elementor-container elementor-column-gap-default\">\n\t\t\t\t\t<div class=\"elementor-column elementor-col-50 elementor-top-column elementor-element elementor-element-c60408f elementor-hidden-tablet elementor-hidden-phone\" data-id=\"c60408f\" data-element_type=\"column\">\n\t\t\t<div class=\"elementor-widget-wrap elementor-element-populated\">\n\t\t\t\t\t\t<div class=\"elementor-element elementor-element-71714dd elementor-widget__width-auto elementor-hidden-phone elementor-widget elementor-widget-text-editor\" data-id=\"71714dd\" data-element_type=\"widget\" data-widget_type=\"text-editor.default\">\n\t\t\t\t<div class=\"elementor-widget-container\">\n\t\t\t<style>\/*! elementor - v3.21.0 - 26-05-2024 *\/\n.elementor-widget-text-editor.elementor-drop-cap-view-stacked .elementor-drop-cap{background-color:#69727d;color:#fff}.elementor-widget-text-editor.elementor-drop-cap-view-framed .elementor-drop-cap{color:#69727d;border:3px solid;background-color:transparent}.elementor-widget-text-editor:not(.elementor-drop-cap-view-default) .elementor-drop-cap{margin-top:8px}.elementor-widget-text-editor:not(.elementor-drop-cap-view-default) .elementor-drop-cap-letter{width:1em;height:1em}.elementor-widget-text-editor .elementor-drop-cap{float:left;text-align:center;line-height:1;font-size:50px}.elementor-widget-text-editor .elementor-drop-cap-letter{display:inline-block}<\/style>\t\t\t\t<p>Liv Istinye University Hospital<\/p>\t\t\t\t\t\t<\/div>\n\t\t\t\t<\/div>\n\t\t\t\t\t<\/div>\n\t\t<\/div>\n\t\t\t\t<div class=\"elementor-column elementor-col-50 elementor-top-column elementor-element elementor-element-97e5dc4\" data-id=\"97e5dc4\" data-element_type=\"column\">\n\t\t\t<div class=\"elementor-widget-wrap elementor-element-populated\">\n\t\t\t\t\t\t<div class=\"elementor-element elementor-element-47185b4 elementor-widget__width-auto elementor-hidden-tablet elementor-hidden-phone elementor-widget elementor-widget-text-editor\" data-id=\"47185b4\" data-element_type=\"widget\" data-widget_type=\"text-editor.default\">\n\t\t\t\t<div class=\"elementor-widget-container\">\n\t\t\t\t\t\t\t<p>Mobile Phone<\/p>\t\t\t\t\t\t<\/div>\n\t\t\t\t<\/div>\n\t\t\t\t<div class=\"elementor-element elementor-element-ce71043 elementor-widget__width-auto elementor-icon-list--layout-traditional elementor-list-item-link-full_width elementor-widget elementor-widget-icon-list\" data-id=\"ce71043\" data-element_type=\"widget\" data-widget_type=\"icon-list.default\">\n\t\t\t\t<div class=\"elementor-widget-container\">\n\t\t\t<link rel=\"stylesheet\" href=\"https:\/\/drharuncologlu.com\/jinekomasti\/wp-content\/plugins\/elementor\/assets\/css\/widget-icon-list.min.css\">\t\t<ul class=\"elementor-icon-list-items\">\n\t\t\t\t\t\t\t<li class=\"elementor-icon-list-item\">\n\t\t\t\t\t\t\t\t\t\t\t<a href=\"tel: 905336632332\">\n\n\t\t\t\t\t\t\t\t\t\t\t\t<span class=\"elementor-icon-list-icon\">\n\t\t\t\t\t\t\t<svg aria-hidden=\"true\" class=\"e-font-icon-svg e-fas-phone-alt\" viewbox=\"0 0 512 512\" xmlns=\"http:\/\/www.w3.org\/2000\/svg\"><path d=\"M497.39 361.8l-112-48a24 24 0 0 0-28 6.9l-49.6 60.6A370.66 370.66 0 0 1 130.6 204.11l60.6-49.6a23.94 23.94 0 0 0 6.9-28l-48-112A24.16 24.16 0 0 0 122.6.61l-104 24A24 24 0 0 0 0 48c0 256.5 207.9 464 464 464a24 24 0 0 0 23.4-18.6l24-104a24.29 24.29 0 0 0-14.01-27.6z\"><\/path><\/svg>\t\t\t\t\t\t<\/span>\n\t\t\t\t\t\t\t\t\t\t<span class=\"elementor-icon-list-text\">+90 <b>533 663 23 32<\/b><\/span>\n\t\t\t\t\t\t\t\t\t\t\t<\/a>\n\t\t\t\t\t\t\t\t\t<\/li>\n\t\t\t\t\t\t<\/ul>\n\t\t\t\t<\/div>\n\t\t\t\t<\/div>\n\t\t\t\t<div class=\"elementor-element elementor-element-600817d elementor-widget__width-auto elementor-widget elementor-widget-shortcode\" data-id=\"600817d\" data-element_type=\"widget\" data-widget_type=\"shortcode.default\">\n\t\t\t\t<div class=\"elementor-widget-container\">\n\t\t\t\t\t<div class=\"elementor-shortcode\"> <div class=\"trp_language_switcher_shortcode\">\n<div class=\"trp-language-switcher trp-language-switcher-container\" data-no-translation>\n    <div class=\"trp-ls-shortcode-current-language\">\n        <a href=\"#\" class=\"trp-ls-shortcode-disabled-language trp-ls-disabled-language\" title=\"English\" onclick=\"event.preventDefault()\">\n\t\t\t<img decoding=\"async\" class=\"trp-flag-image\" src=\"https:\/\/drharuncologlu.com\/jinekomasti\/wp-content\/plugins\/translatepress-multilingual\/assets\/images\/flags\/en_US.png\" width=\"18\" height=\"12\" alt=\"en_US\" title=\"English\"> EN\t\t<\/a>\n    <\/div>\n    <div class=\"trp-ls-shortcode-language\">\n                <a href=\"#\" class=\"trp-ls-shortcode-disabled-language trp-ls-disabled-language\"  title=\"English\" onclick=\"event.preventDefault()\">\n\t\t\t<img decoding=\"async\" class=\"trp-flag-image\" src=\"https:\/\/drharuncologlu.com\/jinekomasti\/wp-content\/plugins\/translatepress-multilingual\/assets\/images\/flags\/en_US.png\" width=\"18\" height=\"12\" alt=\"en_US\" title=\"English\"> EN\t\t<\/a>\n                    <a href=\"https:\/\/drharuncologlu.com\/jinekomasti\/en\/wp-json\/wp\/v2\/pages\/528\" title=\"T\u00fcrk\u00e7e\">\n            <img decoding=\"async\" class=\"trp-flag-image\" src=\"https:\/\/drharuncologlu.com\/jinekomasti\/wp-content\/plugins\/translatepress-multilingual\/assets\/images\/flags\/tr_TR.png\" width=\"18\" height=\"12\" alt=\"tr_TR\" title=\"T\u00fcrk\u00e7e\"> TR        <\/a>\n\n            <a href=\"https:\/\/drharuncologlu.com\/jinekomasti\/en\/wp-json\/wp\/v2\/pages\/528\" title=\"\u0627\u0644\u0639\u0631\u0628\u064a\u0629\">\n            <img decoding=\"async\" class=\"trp-flag-image\" src=\"https:\/\/drharuncologlu.com\/jinekomasti\/wp-content\/plugins\/translatepress-multilingual\/assets\/images\/flags\/ar.png\" width=\"18\" height=\"12\" alt=\"ar\" title=\"\u0627\u0644\u0639\u0631\u0628\u064a\u0629\"> AR        <\/a>\n\n            <a href=\"https:\/\/drharuncologlu.com\/jinekomasti\/en\/wp-json\/wp\/v2\/pages\/528\" title=\"Deutsch (Sie)\">\n            <img loading=\"lazy\" decoding=\"async\" class=\"trp-flag-image\" src=\"https:\/\/drharuncologlu.com\/jinekomasti\/wp-content\/plugins\/translatepress-multilingual\/assets\/images\/flags\/de_DE_formal.png\" width=\"18\" height=\"12\" alt=\"de_DE_formal\" title=\"Deutsch (Sie)\"> DE        <\/a>\n\n        <\/div>\n    <script type=\"application\/javascript\">\n        \/\/ need to have the same with set from JS on both divs. Otherwise it can push stuff around in HTML\n        var trp_ls_shortcodes = document.querySelectorAll('.trp_language_switcher_shortcode .trp-language-switcher');\n        if ( trp_ls_shortcodes.length > 0) {\n            \/\/ get the last language switcher added\n            var trp_el = trp_ls_shortcodes[trp_ls_shortcodes.length - 1];\n\n            var trp_shortcode_language_item = trp_el.querySelector( '.trp-ls-shortcode-language' )\n            \/\/ set width\n            var trp_ls_shortcode_width                                               = trp_shortcode_language_item.offsetWidth + 16;\n            trp_shortcode_language_item.style.width                                  = trp_ls_shortcode_width + 'px';\n            trp_el.querySelector( '.trp-ls-shortcode-current-language' ).style.width = trp_ls_shortcode_width + 'px';\n\n            \/\/ We're putting this on display: none after we have its width.\n            trp_shortcode_language_item.style.display = 'none';\n        }\n    <\/script>\n<\/div>\n<\/div><\/div>\n\t\t\t\t<\/div>\n\t\t\t\t<\/div>\n\t\t\t\t\t<\/div>\n\t\t<\/div>\n\t\t\t\t\t<\/div>\n\t\t<\/section>\n\t\t\t\t<section class=\"elementor-section elementor-top-section elementor-element elementor-element-92d01c5 elementor-section-boxed elementor-section-height-default elementor-section-height-default\" data-id=\"92d01c5\" data-element_type=\"section\" data-settings=\"{&quot;background_background&quot;:&quot;classic&quot;,&quot;sticky&quot;:&quot;top&quot;,&quot;sticky_on&quot;:[&quot;desktop&quot;,&quot;tablet&quot;],&quot;sticky_offset&quot;:0,&quot;sticky_effects_offset&quot;:0}\">\n\t\t\t\t\t\t<div class=\"elementor-container elementor-column-gap-no\">\n\t\t\t\t\t<div class=\"elementor-column elementor-col-50 elementor-top-column elementor-element elementor-element-5003358\" data-id=\"5003358\" data-element_type=\"column\">\n\t\t\t<div class=\"elementor-widget-wrap elementor-element-populated\">\n\t\t\t\t\t\t<div class=\"elementor-element elementor-element-972562a elementor-widget elementor-widget-image\" data-id=\"972562a\" data-element_type=\"widget\" data-widget_type=\"image.default\">\n\t\t\t\t<div class=\"elementor-widget-container\">\n\t\t\t<style>\/*! elementor - v3.21.0 - 26-05-2024 *\/\n.elementor-widget-image{text-align:center}.elementor-widget-image a{display:inline-block}.elementor-widget-image a img[src$=\".svg\"]{width:48px}.elementor-widget-image img{vertical-align:middle;display:inline-block}<\/style>\t\t\t\t\t\t\t\t\t\t\t<a href=\"https:\/\/drharuncologlu.com\/jinekomasti\/en\/\">\n\t\t\t\t\t\t\t<img loading=\"lazy\" decoding=\"async\" width=\"401\" height=\"102\" src=\"https:\/\/drharuncologlu.com\/jinekomasti\/wp-content\/uploads\/2020\/09\/logo.png\" class=\"attachment-large size-large wp-image-54\" alt=\"\" srcset=\"https:\/\/drharuncologlu.com\/jinekomasti\/wp-content\/uploads\/2020\/09\/logo.png 401w, https:\/\/drharuncologlu.com\/jinekomasti\/wp-content\/uploads\/2020\/09\/logo-300x76.png 300w\" sizes=\"auto, (max-width: 401px) 100vw, 401px\" \/>\t\t\t\t\t\t\t\t<\/a>\n\t\t\t\t\t\t\t\t\t\t\t\t\t<\/div>\n\t\t\t\t<\/div>\n\t\t\t\t\t<\/div>\n\t\t<\/div>\n\t\t\t\t<div class=\"elementor-column elementor-col-50 elementor-top-column elementor-element elementor-element-26c2cfc\" data-id=\"26c2cfc\" data-element_type=\"column\">\n\t\t\t<div class=\"elementor-widget-wrap elementor-element-populated\">\n\t\t\t\t\t\t<div class=\"elementor-element elementor-element-653219a elementor-widget-tablet__width-auto elementor-widget-mobile__width-auto elementor-hidden-desktop elementor-widget elementor-widget-text-editor\" data-id=\"653219a\" data-element_type=\"widget\" data-widget_type=\"text-editor.default\">\n\t\t\t\t<div class=\"elementor-widget-container\">\n\t\t\t\t\t\t\t<p>MEN\u00dc<\/p>\t\t\t\t\t\t<\/div>\n\t\t\t\t<\/div>\n\t\t\t\t<div class=\"elementor-element elementor-element-c46c410 elementor-nav-menu__align-end elementor-nav-menu--stretch elementor-widget-tablet__width-auto elementor-widget-mobile__width-auto elementor-nav-menu--dropdown-tablet elementor-nav-menu__text-align-aside elementor-nav-menu--toggle elementor-nav-menu--burger elementor-widget elementor-widget-nav-menu\" data-id=\"c46c410\" data-element_type=\"widget\" data-settings=\"{&quot;full_width&quot;:&quot;stretch&quot;,&quot;layout&quot;:&quot;horizontal&quot;,&quot;submenu_icon&quot;:{&quot;value&quot;:&quot;&lt;svg class=\\&quot;e-font-icon-svg e-fas-caret-down\\&quot; viewBox=\\&quot;0 0 320 512\\&quot; xmlns=\\&quot;http:\\\/\\\/www.w3.org\\\/2000\\\/svg\\&quot;&gt;&lt;path d=\\&quot;M31.3 192h257.3c17.8 0 26.7 21.5 14.1 34.1L174.1 354.8c-7.8 7.8-20.5 7.8-28.3 0L17.2 226.1C4.6 213.5 13.5 192 31.3 192z\\&quot;&gt;&lt;\\\/path&gt;&lt;\\\/svg&gt;&quot;,&quot;library&quot;:&quot;fa-solid&quot;},&quot;toggle&quot;:&quot;burger&quot;}\" data-widget_type=\"nav-menu.default\">\n\t\t\t\t<div class=\"elementor-widget-container\">\n\t\t\t<link rel=\"stylesheet\" href=\"https:\/\/drharuncologlu.com\/jinekomasti\/wp-content\/plugins\/elementor-pro\/assets\/css\/widget-nav-menu.min.css\">\t\t\t<nav class=\"elementor-nav-menu--main elementor-nav-menu__container elementor-nav-menu--layout-horizontal e--pointer-background e--animation-fade\">\n\t\t\t\t<ul id=\"menu-1-c46c410\" class=\"elementor-nav-menu\"><li class=\"menu-item menu-item-type-custom menu-item-object-custom menu-item-167\"><a href=\"#jinekomasti\" data-ps2id-api=\"true\" class=\"elementor-item elementor-item-anchor\">Gynecomastia<\/a><\/li>\n<li class=\"menu-item menu-item-type-custom menu-item-object-custom menu-item-27\"><a href=\"#docdrharuncologlu\" data-ps2id-api=\"true\" class=\"elementor-item elementor-item-anchor\">Dr. Harun \u00c7\u00f6lo\u011flu<\/a><\/li>\n<li class=\"menu-item menu-item-type-custom menu-item-object-custom menu-item-28\"><a href=\"#hastanemiz\" data-ps2id-api=\"true\" class=\"elementor-item elementor-item-anchor\">Our Hospital<\/a><\/li>\n<li class=\"menu-item menu-item-type-custom menu-item-object-custom menu-item-620\"><a href=\"#oncesivesonrasi\" data-ps2id-api=\"true\" class=\"elementor-item elementor-item-anchor\">Before &amp; After<\/a><\/li>\n<li class=\"menu-item menu-item-type-custom menu-item-object-custom menu-item-29\"><a href=\"#yorumlar\" data-ps2id-api=\"true\" class=\"elementor-item elementor-item-anchor\">Reviews<\/a><\/li>\n<li class=\"menu-item menu-item-type-custom menu-item-object-custom menu-item-26\"><a href=\"#fiyat-al\" data-ps2id-api=\"true\" class=\"elementor-item elementor-item-anchor\">Get Price<\/a><\/li>\n<li class=\"menu-item menu-item-type-custom menu-item-object-custom menu-item-30\"><a href=\"#iletisim\" data-ps2id-api=\"true\" class=\"elementor-item elementor-item-anchor\">Contact Us<\/a><\/li>\n<\/ul>\t\t\t<\/nav>\n\t\t\t\t\t<div class=\"elementor-menu-toggle\" role=\"button\" tabindex=\"0\" aria-label=\"Menu Toggle\" aria-expanded=\"false\">\n\t\t\t<svg aria-hidden=\"true\" role=\"presentation\" class=\"elementor-menu-toggle__icon--open e-font-icon-svg e-eicon-menu-bar\" viewbox=\"0 0 1000 1000\" xmlns=\"http:\/\/www.w3.org\/2000\/svg\"><path d=\"M104 333H896C929 333 958 304 958 271S929 208 896 208H104C71 208 42 237 42 271S71 333 104 333ZM104 583H896C929 583 958 554 958 521S929 458 896 458H104C71 458 42 487 42 521S71 583 104 583ZM104 833H896C929 833 958 804 958 771S929 708 896 708H104C71 708 42 737 42 771S71 833 104 833Z\"><\/path><\/svg><svg aria-hidden=\"true\" role=\"presentation\" class=\"elementor-menu-toggle__icon--close e-font-icon-svg e-eicon-close\" viewbox=\"0 0 1000 1000\" xmlns=\"http:\/\/www.w3.org\/2000\/svg\"><path d=\"M742 167L500 408 258 167C246 154 233 150 217 150 196 150 179 158 167 167 154 179 150 196 150 212 150 229 154 242 171 254L408 500 167 742C138 771 138 800 167 829 196 858 225 858 254 829L496 587 738 829C750 842 767 846 783 846 800 846 817 842 829 829 842 817 846 804 846 783 846 767 842 750 829 737L588 500 833 258C863 229 863 200 833 171 804 137 775 137 742 167Z\"><\/path><\/svg>\t\t\t<span class=\"elementor-screen-only\">Menu<\/span>\n\t\t<\/div>\n\t\t\t\t\t<nav class=\"elementor-nav-menu--dropdown elementor-nav-menu__container\" aria-hidden=\"true\">\n\t\t\t\t<ul id=\"menu-2-c46c410\" class=\"elementor-nav-menu\"><li class=\"menu-item menu-item-type-custom menu-item-object-custom menu-item-167\"><a href=\"#jinekomasti\" data-ps2id-api=\"true\" class=\"elementor-item elementor-item-anchor\" tabindex=\"-1\">Gynecomastia<\/a><\/li>\n<li class=\"menu-item menu-item-type-custom menu-item-object-custom menu-item-27\"><a href=\"#docdrharuncologlu\" data-ps2id-api=\"true\" class=\"elementor-item elementor-item-anchor\" tabindex=\"-1\">Dr. Harun \u00c7\u00f6lo\u011flu<\/a><\/li>\n<li class=\"menu-item menu-item-type-custom menu-item-object-custom menu-item-28\"><a href=\"#hastanemiz\" data-ps2id-api=\"true\" class=\"elementor-item elementor-item-anchor\" tabindex=\"-1\">Our Hospital<\/a><\/li>\n<li class=\"menu-item menu-item-type-custom menu-item-object-custom menu-item-620\"><a href=\"#oncesivesonrasi\" data-ps2id-api=\"true\" class=\"elementor-item elementor-item-anchor\" tabindex=\"-1\">Before &amp; After<\/a><\/li>\n<li class=\"menu-item menu-item-type-custom menu-item-object-custom menu-item-29\"><a href=\"#yorumlar\" data-ps2id-api=\"true\" class=\"elementor-item elementor-item-anchor\" tabindex=\"-1\">Reviews<\/a><\/li>\n<li class=\"menu-item menu-item-type-custom menu-item-object-custom menu-item-26\"><a href=\"#fiyat-al\" data-ps2id-api=\"true\" class=\"elementor-item elementor-item-anchor\" tabindex=\"-1\">Get Price<\/a><\/li>\n<li class=\"menu-item menu-item-type-custom menu-item-object-custom menu-item-30\"><a href=\"#iletisim\" data-ps2id-api=\"true\" class=\"elementor-item elementor-item-anchor\" tabindex=\"-1\">Contact Us<\/a><\/li>\n<\/ul>\t\t\t<\/nav>\n\t\t\t\t<\/div>\n\t\t\t\t<\/div>\n\t\t\t\t\t<\/div>\n\t\t<\/div>\n\t\t\t\t\t<\/div>\n\t\t<\/section>\n\t\t\t\t<section class=\"elementor-section elementor-top-section elementor-element elementor-element-681ea74 elementor-section-height-min-height elementor-section-items-top elementor-section-content-top elementor-section-boxed elementor-section-height-default\" data-id=\"681ea74\" data-element_type=\"section\">\n\t\t\t\t\t\t<div class=\"elementor-container elementor-column-gap-no\">\n\t\t\t\t\t<div class=\"elementor-column elementor-col-100 elementor-top-column elementor-element elementor-element-e091f67\" data-id=\"e091f67\" data-element_type=\"column\">\n\t\t\t<div class=\"elementor-widget-wrap elementor-element-populated\">\n\t\t\t\t\t\t<div class=\"elementor-element elementor-element-b1020e4 elementor-widget elementor-widget-heading\" data-id=\"b1020e4\" data-element_type=\"widget\" data-widget_type=\"heading.default\">\n\t\t\t\t<div class=\"elementor-widget-container\">\n\t\t\t<style>\/*! elementor - v3.21.0 - 26-05-2024 *\/\n.elementor-heading-title{padding:0;margin:0;line-height:1}.elementor-widget-heading .elementor-heading-title[class*=elementor-size-]>a{color:inherit;font-size:inherit;line-height:inherit}.elementor-widget-heading .elementor-heading-title.elementor-size-small{font-size:15px}.elementor-widget-heading .elementor-heading-title.elementor-size-medium{font-size:19px}.elementor-widget-heading .elementor-heading-title.elementor-size-large{font-size:29px}.elementor-widget-heading .elementor-heading-title.elementor-size-xl{font-size:39px}.elementor-widget-heading .elementor-heading-title.elementor-size-xxl{font-size:59px}<\/style><h2 class=\"elementor-heading-title elementor-size-default\">Disclaimer<\/h2>\t\t<\/div>\n\t\t\t\t<\/div>\n\t\t\t\t<div class=\"elementor-element elementor-element-ac90ca4 elementor-widget elementor-widget-text-editor\" data-id=\"ac90ca4\" data-element_type=\"widget\" data-widget_type=\"text-editor.default\">\n\t\t\t\t<div class=\"elementor-widget-container\">\n\t\t\t\t\t\t\t<p><strong>T\u0131bbi bilgi<\/strong><\/p><p>Do\u00e7. Dr. Harun \u00c7\u00f6lo\u011flu\u2019nun internet sitesi drharuncologlu.com t\u0131bbi tavsiyeler sunmak niyetinde olmay\u0131p, kullan\u0131c\u0131lara sadece sa\u011fl\u0131kla ilgili arad\u0131klar\u0131 alakal\u0131 i\u00e7eriklerimizde ilgili konuyu daha iyi anlamalar\u0131n\u0131 sa\u011flayacak \u015fekilde bilgi vermektir.<\/p><p>\u00d6zel t\u0131bbi tavsiyeler sitemiz \u00fczerinden verilmemekte olup, tan\u0131 ve ki\u015fisel sa\u011fl\u0131k sorunlar\u0131n\u0131z i\u00e7in alan\u0131nda uzman bir doktora gitmenizi \u00f6nermektedir.<\/p><p><strong>\u0130\u00e7erik<\/strong><\/p><p>Web sitesinde yer alan i\u00e7erikler sa\u011fl\u0131k alan\u0131nda uzmanla\u015fm\u0131\u015f ki\u015filer taraf\u0131ndan yaz\u0131lmaktad\u0131r. Ayr\u0131ca edit\u00f6rlerin yazd\u0131\u011f\u0131 yaz\u0131lar o alanda uzman bir doktor taraf\u0131nda da g\u00f6zden ge\u00e7irilmektedir. Her ne kadar g\u00f6zden ge\u00e7irilme dahi olsa bile Do\u00e7. Dr. Harun \u00c7\u00f6lo\u011flu sitesinde yer alan i\u00e7erikler tamamen bilgi vermek amac\u0131yla yaz\u0131lm\u0131\u015ft\u0131r, bu y\u00fczden bu makaleleri yazanlar ve Do\u00e7. Dr. Harun \u00c7\u00f6lo\u011flu maddi\/manevi zararlardan sorumlu tutulamaz. Ayr\u0131ca i\u00e7eriklerde de\u011fi\u015fiklik yapma hakk\u0131n\u0131 Do\u00e7. Dr. Harun \u00c7\u00f6lo\u011flu \u015fimdiden sakl\u0131 tuttu\u011funu beyan eder.<\/p>\t\t\t\t\t\t<\/div>\n\t\t\t\t<\/div>\n\t\t\t\t\t<\/div>\n\t\t<\/div>\n\t\t\t\t\t<\/div>\n\t\t<\/section>\n\t\t\t\t<section class=\"elementor-section elementor-top-section elementor-element elementor-element-2e92255 elementor-section-full_width elementor-section-content-bottom elementor-section-height-default elementor-section-height-default\" data-id=\"2e92255\" data-element_type=\"section\" data-settings=\"{&quot;background_background&quot;:&quot;classic&quot;}\">\n\t\t\t\t\t\t<div class=\"elementor-container elementor-column-gap-no\">\n\t\t\t\t\t<div class=\"elementor-column elementor-col-100 elementor-top-column elementor-element elementor-element-f548d5d\" data-id=\"f548d5d\" data-element_type=\"column\">\n\t\t\t<div class=\"elementor-widget-wrap elementor-element-populated\">\n\t\t\t\t\t\t<div class=\"elementor-element elementor-element-7333575 elementor-widget elementor-widget-text-editor\" data-id=\"7333575\" data-element_type=\"widget\" data-widget_type=\"text-editor.default\">\n\t\t\t\t<div class=\"elementor-widget-container\">\n\t\t\t\t\t\t\t<p>Do\u00e7. Dr. Harun \u00c7\u00f6lo\u011flu 2020 \u00a9 All Rights Reserved.<\/p>\t\t\t\t\t\t<\/div>\n\t\t\t\t<\/div>\n\t\t\t\t<div class=\"elementor-element elementor-element-dcdfb75 elementor-widget elementor-widget-text-editor\" data-id=\"dcdfb75\" data-element_type=\"widget\" data-widget_type=\"text-editor.default\">\n\t\t\t\t<div class=\"elementor-widget-container\">\n\t\t\t\t\t\t\tAll texts and articles in the sense of visual, content and information on this site are for informational purposes. <a href=\"https:\/\/drharuncologlu.com\/jinekomasti\/en\/gizlilik-politikasi\/\">Privacy Policy<\/a> | <a href=\"https:\/\/drharuncologlu.com\/jinekomasti\/en\/gizlilik-politikasi\/\">KVKK <\/a>| <a href=\"https:\/\/drharuncologlu.com\/jinekomasti\/en\/sorumluluk-reddi-beyani\/\">Disclaimer<\/a>\t\t\t\t\t\t<\/div>\n\t\t\t\t<\/div>\n\t\t\t\t\t<\/div>\n\t\t<\/div>\n\t\t\t\t\t<\/div>\n\t\t<\/section>\n\t\t\t\t<\/div>","protected":false},"excerpt":{"rendered":"<p>Liv Hospital \u00dcniversite Hastanesi Mobil Bilgi Hatt\u0131 +90 533 663 23 32 MEN\u00dc Sorumluluk Reddi Beyan\u0131 T\u0131bbi bilgi Do\u00e7. Dr. Harun \u00c7\u00f6lo\u011flu\u2019nun internet sitesi drharuncologlu.com t\u0131bbi tavsiyeler sunmak niyetinde olmay\u0131p, kullan\u0131c\u0131lara sadece sa\u011fl\u0131kla ilgili arad\u0131klar\u0131 alakal\u0131 i\u00e7eriklerimizde ilgili konuyu daha iyi anlamalar\u0131n\u0131 sa\u011flayacak \u015fekilde bilgi vermektir. \u00d6zel t\u0131bbi tavsiyeler sitemiz \u00fczerinden verilmemekte olup, tan\u0131 ve [&hellip;]<\/p>","protected":false},"author":1,"featured_media":0,"parent":0,"menu_order":0,"comment_status":"closed","ping_status":"closed","template":"elementor_canvas","meta":{"_seopress_robots_primary_cat":"","_seopress_titles_title":"","_seopress_titles_desc":"","_seopress_robots_index":"","footnotes":""},"class_list":["post-528","page","type-page","status-publish","hentry"],"_links":{"self":[{"href":"https:\/\/drharuncologlu.com\/jinekomasti\/en\/wp-json\/wp\/v2\/pages\/528","targetHints":{"allow":["GET"]}}],"collection":[{"href":"https:\/\/drharuncologlu.com\/jinekomasti\/en\/wp-json\/wp\/v2\/pages"}],"about":[{"href":"https:\/\/drharuncologlu.com\/jinekomasti\/en\/wp-json\/wp\/v2\/types\/page"}],"author":[{"embeddable":true,"href":"https:\/\/drharuncologlu.com\/jinekomasti\/en\/wp-json\/wp\/v2\/users\/1"}],"replies":[{"embeddable":true,"href":"https:\/\/drharuncologlu.com\/jinekomasti\/en\/wp-json\/wp\/v2\/comments?post=528"}],"version-history":[{"count":0,"href":"https:\/\/drharuncologlu.com\/jinekomasti\/en\/wp-json\/wp\/v2\/pages\/528\/revisions"}],"wp:attachment":[{"href":"https:\/\/drharuncologlu.com\/jinekomasti\/en\/wp-json\/wp\/v2\/media?parent=528"}],"curies":[{"name":"wp","href":"https:\/\/api.w.org\/{rel}","templated":true}]}}